{"id":2770,"date":"2014-09-09T15:38:11","date_gmt":"2014-09-09T14:38:11","guid":{"rendered":"http:\/\/production.theatrechampselysees.fr\/?page_id=2770"},"modified":"2015-05-04T16:55:27","modified_gmt":"2015-05-04T15:55:27","slug":"macbeth","status":"publish","type":"page","link":"https:\/\/production.theatrechampselysees.fr\/?page_id=2770","title":{"rendered":"Macbeth"},"content":{"rendered":"<div class='flex_column av-av_one_full-2a9015ff38129c418a3f2eafba3e9512 av_one_full  avia-builder-el-0  el_before_av_heading  avia-builder-el-first  first flex_column_div '     ><div  class='avia-slideshow av-av_slideshow-9f735a5632ec09ef1b421ac7a0281803 avia-slideshow-no scaling av_slideshow avia-slide-slider  avia-builder-el-1  avia-builder-el-no-sibling  av-slideshow-ui av-control-default av-slideshow-autoplay av-loop-endless av-loop-manual-endless av-default-height-applied avia-slideshow-1' data-slideshow-options=\"{&quot;animation&quot;:&quot;slide&quot;,&quot;autoplay&quot;:true,&quot;loop_autoplay&quot;:&quot;endless&quot;,&quot;interval&quot;:3,&quot;loop_manual&quot;:&quot;manual-endless&quot;,&quot;autoplay_stopper&quot;:false,&quot;noNavigation&quot;:false,&quot;bg_slider&quot;:false,&quot;keep_padding&quot;:false,&quot;hoverpause&quot;:false,&quot;show_slide_delay&quot;:0}\"  itemprop=\"image\" itemscope=\"itemscope\" itemtype=\"https:\/\/schema.org\/ImageObject\" ><ul class='avia-slideshow-inner ' style='padding-bottom: 58.252427184466%;'><li  class='avia-slideshow-slide av-av_slideshow-9f735a5632ec09ef1b421ac7a0281803__0  slide-1 slide-odd'><div data-rel='slideshow-1' class='avia-slide-wrap '   ><img class=\"wp-image-3006 avia-img-lazy-loading-not-3006\"  src='https:\/\/production.theatrechampselysees.fr\/wp-content\/uploads\/2014\/10\/1-macbeth-streghe2.jpg' width='1030' height='600' title='1 macbeth streghe2' alt=''  itemprop=\"thumbnailUrl\"   \/><\/div><\/li><li  class='avia-slideshow-slide av-av_slideshow-9f735a5632ec09ef1b421ac7a0281803__1  slide-2 slide-even'><div data-rel='slideshow-1' class='avia-slide-wrap '   ><img class=\"wp-image-3007 avia-img-lazy-loading-not-3007\"  src='https:\/\/production.theatrechampselysees.fr\/wp-content\/uploads\/2014\/10\/2-macbeth-streghe-e-troni2.jpg' width='1030' height='600' title='2 macbeth streghe e troni2' alt=''  itemprop=\"thumbnailUrl\"   \/><\/div><\/li><li  class='avia-slideshow-slide av-av_slideshow-9f735a5632ec09ef1b421ac7a0281803__2  slide-3 slide-odd'><div data-rel='slideshow-1' class='avia-slide-wrap '   ><img class=\"wp-image-3008 avia-img-lazy-loading-not-3008\"  src='https:\/\/production.theatrechampselysees.fr\/wp-content\/uploads\/2014\/10\/3-macbeth-messaggero3.jpg' width='1030' height='600' title='3 macbeth messaggero3' alt=''  itemprop=\"thumbnailUrl\"   \/><\/div><\/li><li  class='avia-slideshow-slide av-av_slideshow-9f735a5632ec09ef1b421ac7a0281803__3  slide-4 slide-even'><div data-rel='slideshow-1' class='avia-slide-wrap '   ><img class=\"wp-image-2994 avia-img-lazy-loading-not-2994\"  src='https:\/\/production.theatrechampselysees.fr\/wp-content\/uploads\/2014\/10\/4-macbeth-portali-Re3.jpg' width='1030' height='600' title='4 macbeth portali Re3' alt=''  itemprop=\"thumbnailUrl\"   \/><\/div><\/li><li  class='avia-slideshow-slide av-av_slideshow-9f735a5632ec09ef1b421ac7a0281803__4  slide-5 slide-odd'><div data-rel='slideshow-1' class='avia-slide-wrap '   ><img class=\"wp-image-3012 avia-img-lazy-loading-not-3012\"  src='https:\/\/production.theatrechampselysees.fr\/wp-content\/uploads\/2014\/10\/4-macbeth-portali1.jpg' width='1030' height='600' title='4 macbeth portali' alt=''  itemprop=\"thumbnailUrl\"   \/><\/div><\/li><li  class='avia-slideshow-slide av-av_slideshow-9f735a5632ec09ef1b421ac7a0281803__5  slide-6 slide-even'><div data-rel='slideshow-1' class='avia-slide-wrap '   ><img class=\"wp-image-2996 avia-img-lazy-loading-not-2996\"  src='https:\/\/production.theatrechampselysees.fr\/wp-content\/uploads\/2014\/10\/7-macbeth-sicari2.jpg' width='1030' height='600' title='7 macbeth sicari2' alt=''  itemprop=\"thumbnailUrl\"   \/><\/div><\/li><li  class='avia-slideshow-slide av-av_slideshow-9f735a5632ec09ef1b421ac7a0281803__6  slide-7 slide-odd'><div data-rel='slideshow-1' class='avia-slide-wrap '   ><img class=\"wp-image-2997 avia-img-lazy-loading-not-2997\"  src='https:\/\/production.theatrechampselysees.fr\/wp-content\/uploads\/2014\/10\/8-macbeth-sicari-+-banco.jpg' width='1030' height='600' title='8 macbeth sicari + banco' alt=''  itemprop=\"thumbnailUrl\"   \/><\/div><\/li><li  class='avia-slideshow-slide av-av_slideshow-9f735a5632ec09ef1b421ac7a0281803__7  slide-8 slide-even'><div data-rel='slideshow-1' class='avia-slide-wrap '   ><img class=\"wp-image-2998 avia-img-lazy-loading-not-2998\"  src='https:\/\/production.theatrechampselysees.fr\/wp-content\/uploads\/2014\/10\/9-macbeth-LAdy-+-specchio-rosso.jpg' width='1030' height='600' title='9 macbeth LAdy + specchio rosso' alt=''  itemprop=\"thumbnailUrl\"   \/><\/div><\/li><li  class='avia-slideshow-slide av-av_slideshow-9f735a5632ec09ef1b421ac7a0281803__8  slide-9 slide-odd'><div data-rel='slideshow-1' class='avia-slide-wrap '   ><img class=\"wp-image-2999 avia-img-lazy-loading-not-2999\"  src='https:\/\/production.theatrechampselysees.fr\/wp-content\/uploads\/2014\/10\/9-macbeth-LAdy-+-specchio+-video.jpg' width='1030' height='600' title='9 macbeth LAdy + specchio+ video' alt=''  itemprop=\"thumbnailUrl\"   \/><\/div><\/li><li  class='avia-slideshow-slide av-av_slideshow-9f735a5632ec09ef1b421ac7a0281803__9  slide-10 slide-even'><div data-rel='slideshow-1' class='avia-slide-wrap '   ><img class=\"wp-image-3000 avia-img-lazy-loading-not-3000\"  src='https:\/\/production.theatrechampselysees.fr\/wp-content\/uploads\/2014\/10\/10-macbeth-streghe-e-specchio.jpg' width='1030' height='600' title='10 macbeth streghe e specchio' alt=''  itemprop=\"thumbnailUrl\"   \/><\/div><\/li><li  class='avia-slideshow-slide av-av_slideshow-9f735a5632ec09ef1b421ac7a0281803__10  slide-11 slide-odd'><div data-rel='slideshow-1' class='avia-slide-wrap '   ><img class=\"wp-image-3001 avia-img-lazy-loading-not-3001\"  src='https:\/\/production.theatrechampselysees.fr\/wp-content\/uploads\/2014\/10\/11-macbeth-Banchetto-Spettro1.jpg' width='1030' height='600' title='11 macbeth Banchetto Spettro1' alt=''  itemprop=\"thumbnailUrl\"   \/><\/div><\/li><li  class='avia-slideshow-slide av-av_slideshow-9f735a5632ec09ef1b421ac7a0281803__11  slide-12 slide-even'><div data-rel='slideshow-1' class='avia-slide-wrap '   ><img class=\"wp-image-3011 avia-img-lazy-loading-not-3011\"  src='https:\/\/production.theatrechampselysees.fr\/wp-content\/uploads\/2014\/10\/11-macbeth-Banchetto.jpg' width='1030' height='600' title='11 macbeth Banchetto' alt=''  itemprop=\"thumbnailUrl\"   \/><\/div><\/li><li  class='avia-slideshow-slide av-av_slideshow-9f735a5632ec09ef1b421ac7a0281803__12  slide-13 slide-odd'><div data-rel='slideshow-1' class='avia-slide-wrap '   ><img class=\"wp-image-3003 avia-img-lazy-loading-not-3003\"  src='https:\/\/production.theatrechampselysees.fr\/wp-content\/uploads\/2014\/10\/12-macbeth-Bosco-solo-tulle.jpg' width='1030' height='600' title='12 macbeth Bosco solo tulle' alt=''  itemprop=\"thumbnailUrl\"   \/><\/div><\/li><li  class='avia-slideshow-slide av-av_slideshow-9f735a5632ec09ef1b421ac7a0281803__13  slide-14 slide-even'><div data-rel='slideshow-1' class='avia-slide-wrap '   ><img class=\"wp-image-3004 avia-img-lazy-loading-not-3004\"  src='https:\/\/production.theatrechampselysees.fr\/wp-content\/uploads\/2014\/10\/12-macbeth-Bosco.jpg' width='1030' height='600' title='12 macbeth Bosco' alt=''  itemprop=\"thumbnailUrl\"   \/><\/div><\/li><li  class='avia-slideshow-slide av-av_slideshow-9f735a5632ec09ef1b421ac7a0281803__14  slide-15 slide-odd'><div data-rel='slideshow-1' class='avia-slide-wrap '   ><img class=\"wp-image-3005 avia-img-lazy-loading-not-3005\"  src='https:\/\/production.theatrechampselysees.fr\/wp-content\/uploads\/2014\/10\/13-macbeth-Birnam-Finale.jpg' width='1030' height='600' title='13 macbeth Birnam Finale' alt=''  itemprop=\"thumbnailUrl\"   \/><\/div><\/li><\/ul><div class='avia-slideshow-arrows avia-slideshow-controls' ><a href='#prev' class='prev-slide ' aria-hidden='true' data-av_icon='\ue87c' data-av_iconfont='entypo-fontello'  tabindex='-1'>Pr\u00e9c\u00e9dent<\/a><a href='#next' class='next-slide ' aria-hidden='true' data-av_icon='\ue87d' data-av_iconfont='entypo-fontello'  tabindex='-1'>Suivant<\/a><\/div><div class='avia-slideshow-dots avia-slideshow-controls'><a href='#1' class='goto-slide active' >1<\/a><a href='#2' class='goto-slide ' >2<\/a><a href='#3' class='goto-slide ' >3<\/a><a href='#4' class='goto-slide ' >4<\/a><a href='#5' class='goto-slide ' >5<\/a><a href='#6' class='goto-slide ' >6<\/a><a href='#7' class='goto-slide ' >7<\/a><a href='#8' class='goto-slide ' >8<\/a><a href='#9' class='goto-slide ' >9<\/a><a href='#10' class='goto-slide ' >10<\/a><a href='#11' class='goto-slide ' >11<\/a><a href='#12' class='goto-slide ' >12<\/a><a href='#13' class='goto-slide ' >13<\/a><a href='#14' class='goto-slide ' >14<\/a><a href='#15' class='goto-slide ' >15<\/a><\/div><\/div><\/div>\n\n<style type=\"text\/css\" data-created_by=\"avia_inline_auto\" id=\"style-css-av-av_heading-9dedada318db043f9c4e178a00a24fac\">\n#top .av-special-heading.av-av_heading-9dedada318db043f9c4e178a00a24fac{\npadding-bottom:24px;\ncolor:#dd3333;\nfont-size:27px;\n}\nbody .av-special-heading.av-av_heading-9dedada318db043f9c4e178a00a24fac .av-special-heading-tag .heading-char{\nfont-size:25px;\n}\n#top #wrap_all .av-special-heading.av-av_heading-9dedada318db043f9c4e178a00a24fac .av-special-heading-tag{\nfont-size:27px;\n}\n.av-special-heading.av-av_heading-9dedada318db043f9c4e178a00a24fac .special-heading-inner-border{\nborder-color:#dd3333;\n}\n.av-special-heading.av-av_heading-9dedada318db043f9c4e178a00a24fac .av-subheading{\nfont-size:15px;\n}\n\n@media only screen and (min-width: 480px) and (max-width: 767px){ \n#top #wrap_all .av-special-heading.av-av_heading-9dedada318db043f9c4e178a00a24fac .av-special-heading-tag{\nfont-size:0.8em;\n}\n}\n\n@media only screen and (max-width: 479px){ \n#top #wrap_all .av-special-heading.av-av_heading-9dedada318db043f9c4e178a00a24fac .av-special-heading-tag{\nfont-size:0.8em;\n}\n}\n<\/style>\n<div  class='av-special-heading av-av_heading-9dedada318db043f9c4e178a00a24fac av-special-heading-h1 custom-color-heading blockquote modern-quote modern-centered  avia-builder-el-2  el_after_av_one_full  el_before_av_one_full  av-inherit-size'><h1 class='av-special-heading-tag'  itemprop=\"headline\"  >Macbeth<\/h1><div class=\"special-heading-border\"><div class=\"special-heading-inner-border\"><\/div><\/div><\/div>\n<div class='flex_column av-av_one_full-2a9015ff38129c418a3f2eafba3e9512 av_one_full  avia-builder-el-3  el_after_av_heading  el_before_av_one_third  first flex_column_div '     ><style type=\"text\/css\" data-created_by=\"avia_inline_auto\" id=\"style-css-av-av_heading-98c62699a277582f7b6dab24ff439405\">\n#top .av-special-heading.av-av_heading-98c62699a277582f7b6dab24ff439405{\npadding-bottom:10px;\n}\nbody .av-special-heading.av-av_heading-98c62699a277582f7b6dab24ff439405 .av-special-heading-tag .heading-char{\nfont-size:25px;\n}\n.av-special-heading.av-av_heading-98c62699a277582f7b6dab24ff439405 .av-subheading{\nfont-size:15px;\n}\n<\/style>\n<div  class='av-special-heading av-av_heading-98c62699a277582f7b6dab24ff439405 av-special-heading-h3  avia-builder-el-4  el_before_av_textblock  avia-builder-el-first '><h3 class='av-special-heading-tag'  itemprop=\"headline\"  >Mise en sc\u00e8ne et dramaturgie<\/h3><div class=\"special-heading-border\"><div class=\"special-heading-inner-border\"><\/div><\/div><\/div>\n<section  class='av_textblock_section av-av_textblock-1ab8e6ddfd7bbd0f5d1f5b237de8cac4'  itemscope=\"itemscope\" itemtype=\"https:\/\/schema.org\/CreativeWork\" ><div class='avia_textblock'  itemprop=\"text\" ><p><iframe loading=\"lazy\" style=\"float: right; margin: 10px;\" src=\"\/\/www.youtube.com\/embed\/FATnb21GyCU?rel=0\" height=\"315\" width=\"560\" allowfullscreen=\"\" frameborder=\"0\"><\/iframe><\/p>\n<p style=\"text-align: justify;\">Un cavalier montant un \u00e9talon noir vient annoncer l&rsquo;arriv\u00e9e du roi Duncan, bient\u00f4t assassin\u00e9. Le noir, couleur funeste perc\u00e9e de quelques traits de lumi\u00e8re, enveloppe le plateau. Le ch\u0153ur n&rsquo;est qu&rsquo;une voix, gu\u00e8re une pr\u00e9sence, les personnages apparaissent, sculpt\u00e9s par la lumi\u00e8re&#8230; Mais lorsque la r\u00e9volte contre le tyran prend forme, le spectacle appara\u00eet tel un n\u00e9gatif, le noir est blanc. Un \u00e9talon blanc survient, pr\u00e9sageant le d\u00e9nouement&#8230; On serait tent\u00e9 d&rsquo;y voir un hommage \u00e0 <strong>Orson Welles<\/strong>, \u00e0 son <em>Macbeth <\/em>noir et blanc mena\u00e7ant, \u00e0 mi-chemin entre r\u00e9alit\u00e9 et fantasme, \u00e0 sa Lady Macbeth infanticide&#8230; Mais les inspirations de la mise en sc\u00e8ne de Mario Martone sont plurielles, au confluent de plusieurs disciplines qui n&rsquo;attendaient que l&rsquo;op\u00e9ra de Verdi pour entrer en fusion.<\/p>\n<p style=\"text-align: justify;\">Mario Martone ch\u00e9rit depuis longtemps l&rsquo;id\u00e9e de voir r\u00e9unies sur sc\u00e8ne ses exp\u00e9riences de th\u00e9\u00e2tre, de cin\u00e9ma et d&rsquo;op\u00e9ra. Alors, l&rsquo;envie de Daniele Gatti de cr\u00e9er un spectacle fait de lumi\u00e8re et de projections le s\u00e9duit d&#8217;embl\u00e9e. \u00ab\u00a0<em>Macbeth est un op\u00e9ra qui se pr\u00eate beaucoup \u00e0 la <strong>dimension cin\u00e9matographique<\/strong>, \u00e0 ce m\u00e9lange d&rsquo;images de th\u00e9\u00e2tre et de cin\u00e9ma<\/em>\u00ab\u00a0.<\/p>\n<p style=\"text-align: justify;\">Martone repense alors \u00e0 une sc\u00e8ne coup\u00e9e au montage de son film \u00ab\u00a0Noi credevamo\u00a0\u00bb: un cauchemar o\u00f9 trois femmes reviennent sans cesse tourmenter Giuseppe Mazzini, l&rsquo;un des chefs du Risorgimento italien, sur une musique de Macbeth. De cette s\u00e9quence vid\u00e9o est n\u00e9e l&rsquo;inspiration pour la premi\u00e8re image de l&rsquo;op\u00e9ra: celle des sorci\u00e8res.<\/p>\n<p><iframe loading=\"lazy\" style=\"float: left; margin: 10px;\" src=\"\/\/player.vimeo.com\/video\/106575287\" height=\"336\" width=\"600\" allowfullscreen=\"\" frameborder=\"0\"><\/iframe><\/p>\n<p style=\"text-align: justify;\">\u00ab\u00a0<em>Macbeth de Shakespeare produit des symboles, des images qui font partie de nous,<\/em> explique Martone.<em> Macbeth en tant que personnage n&rsquo;est pas un monstre au-del\u00e0 de la dimension humaine, mais repr\u00e9sente quelque chose qui se trouve \u00e0 l&rsquo;int\u00e9rieur de chaque homme. Le d\u00e9mon est dans chaque \u00eatre humain, d\u00e9mon avec lequel il faut compter.<\/em>\u00ab\u00a0.<\/p>\n<p style=\"text-align: justify;\"><strong>Macbeth n&rsquo;est pas un op\u00e9ra sur le pouvoir<\/strong>: c&rsquo;est de la relation sadomasochiste entre Macbeth et sa femme, et de la folie respective des deux personnages que na\u00eet toute l\u2019\u0153uvre. \u00ab\u00a0<em>Ici aussi Shakespeare touche \u00e0 quelque chose d&rsquo;important: il touche au couple. Le couple est un lieu, une situation o\u00f9 les \u00eatres humains peuvent donner le meilleur comme le pire d&rsquo;eux-m\u00eames.<\/em>\u00a0\u00bb Martone cherche alors \u00e0 voir ce qui, \u00e0 l&rsquo;int\u00e9rieur de ces symboles et de ces situations, survit \u00e0 l&rsquo;int\u00e9rieur de nous, dans notre inconscient. Le plateau tiss\u00e9 de lumi\u00e8re et de projections devient alors cet inconscient, \u00ab\u00a0<em>le lieu de l&rsquo;\u00e2me<\/em>\u00ab\u00a0.<\/p>\n<p style=\"text-align: justify;\">L&rsquo;essence de l\u2019\u0153uvre reste d&rsquo;une actualit\u00e9 confondante. \u00ab\u00a0<em>Tout comme j&rsquo;ai retrouv\u00e9 les trois femmes du cauchemar de Mazzini, ainsi on peut retrouver la dynamique entre Macbeth et sa femme dans un couple d&rsquo;assassins qui ont d\u00e9fray\u00e9 la chronique il y a quelques ann\u00e9es en Italie<\/em>\u00ab\u00a0.<\/p>\n<p style=\"text-align: justify;\">Il ne s&rsquo;agit cependant pas d&rsquo;actualisation, et les <strong>costumes<\/strong> des personnages renvoient au XI si\u00e8cle. \u00ab\u00a0<em>Il y a une symbolique archa\u00efque dans Macbeth, et qui s&rsquo;oppose \u00e0 toute actualisation. Il y a quelque chose d&rsquo;\u00e9ternel dans les d\u00e9mons de Macbeth<\/em>\u00ab\u00a0.<\/p>\n<p style=\"text-align: justify;\">On retrouvera,<strong> sur sc\u00e8ne<\/strong>, cette particularit\u00e9 de l&rsquo;inconscient o\u00f9 lieux et \u00e9poques se m\u00e9langent dans un amalgame qui ne fait sens qu&rsquo;en r\u00eave. Ainsi, le plateau sera habit\u00e9 de personnages historiques, monstres, femmes \u00e9vanescentes et cavaliers \u00e0 cheval surgissant de l&rsquo;obscurit\u00e9. Et de pr\u00e9sages: une for\u00eat projet\u00e9e sur tulle blanc pr\u00e9dit la chute de Macbeth lorsqu&rsquo;elle se transforme en branches calcin\u00e9es, et la robe rouge sang de Lady Macbeth annonce d\u00e9j\u00e0 la \u00ab\u00a0<em>macchia maledetta<\/em>\u00ab\u00a0, cette t\u00e2che maudite.<\/p>\n<\/div><\/section><\/div>\n<div class='flex_column av-av_one_third-2a9015ff38129c418a3f2eafba3e9512 av_one_third  avia-builder-el-6  el_after_av_one_full  el_before_av_two_third  first flex_column_div column-top-margin'     ><section  class='avia-team-member av-av_team_member-c6e1c6e02fadbb51eab05ffa2092bf9f  avia-builder-el-7  avia-builder-el-no-sibling '  itemscope=\"itemscope\" itemtype=\"https:\/\/schema.org\/Person\" ><div class=\"team-img-container\"><img class='wp-image-2771 avia-img-lazy-loading-not-2771 avia_image avia_image_team' src='https:\/\/production.theatrechampselysees.fr\/wp-content\/uploads\/2014\/09\/45545-Mario-Martone.jpg' alt='Mario Martone'  itemprop=\"image\"   height=\"329\" width=\"500\" \/><\/div><h3 class='team-member-name '  itemprop=\"name\" >Mario Martone<\/h3><div class='team-member-job-title '  itemprop=\"jobTitle\" >mise en sc\u00e8ne<\/div><div class='team-member-description '  itemprop=\"description\" ><p>Mario Martone est metteur en sc\u00e8ne de th\u00e9\u00e2tre et d\u2018op\u00e9ra, r\u00e9alisateur et sc\u00e9nariste. A l\u2019op\u00e9ra, il est l\u2018auteur d\u2019une vingtaine de mises en sc\u00e8ne, parmi lesquelles <em>Cavalleria rusticana<\/em> et <em>Pagliacci<\/em> (2011), <em>Luisa Miller<\/em> (2012) et <em>Oberto<\/em> (2013) au <strong>Teatro alla Scala<\/strong> de Milan, <em>Un bal masqu\u00e9<\/em> (2005) \u00e0 <strong>Covent Garden<\/strong>, <em>Falstaff<\/em> (2008) au <strong>Th\u00e9\u00e2tre des Champs-Elys\u00e9es<\/strong>... Issu du th\u00e9\u00e2tre d\u2019avant-garde o\u00f9 il collabore notamment avec Toni Servilio, Mario Martone r\u00e9alise \u00e9galement plusieurs longs-m\u00e9trages, dont la fresque viscontienne \"Il Giovane Favoloso\", pr\u00e9sent\u00e9e \u00e0 la derni\u00e8re <strong>Biennale de Venise<\/strong>. Depuis 2007, il dirige le Teatro Stabile di Torino.<\/p>\n<\/div><span class='hidden team-member-affiliation'  itemprop=\"affiliation\" >Productions du Th\u00e9\u00e2tre des Champs-Elys\u00e9es<\/span><\/section><\/div>\n<div class='flex_column av-av_two_third-f78fb3c186c5ceb3cf0bf54353219056 av_two_third  avia-builder-el-8  el_after_av_one_third  el_before_av_section  avia-builder-el-last  flex_column_div column-top-margin'     ><p>\n<style type=\"text\/css\" data-created_by=\"avia_inline_auto\" id=\"style-css-av-av_heading-17373e3403cbc5b9b007e86da50994f8\">\n#top .av-special-heading.av-av_heading-17373e3403cbc5b9b007e86da50994f8{\npadding-bottom:10px;\n}\nbody .av-special-heading.av-av_heading-17373e3403cbc5b9b007e86da50994f8 .av-special-heading-tag .heading-char{\nfont-size:25px;\n}\n.av-special-heading.av-av_heading-17373e3403cbc5b9b007e86da50994f8 .av-subheading{\nfont-size:15px;\n}\n<\/style>\n<div  class='av-special-heading av-av_heading-17373e3403cbc5b9b007e86da50994f8 av-special-heading-h3  avia-builder-el-9  el_before_av_tab_container  avia-builder-el-first '><h3 class='av-special-heading-tag'  itemprop=\"headline\"  >Fiche technique<\/h3><div class=\"special-heading-border\"><div class=\"special-heading-inner-border\"><\/div><\/div><\/div><br \/>\n<div  class='tabcontainer av-av_tab_container-cdfb33d025ccce82e3bec7780d128c1e sidebar_tab sidebar_tab_left  avia-builder-el-10  el_after_av_heading  avia-builder-el-last  border_tabs' role='tablist'>\n<section class='av_tab_section av_tab_section av-av_tab-2577d096849cb3c0b62f8090088e6607'  itemscope=\"itemscope\" itemtype=\"https:\/\/schema.org\/CreativeWork\" ><div class='tab active_tab' role='tab' tabindex='0' data-fake-id='#tab-id-1' aria-controls='tab-id-1-content'  itemprop=\"headline\" >Equipe artistique<\/div><div id='tab-id-1-content' class='tab_content active_tab_content' aria-hidden=\"false\"><div class='tab_inner_content invers-color'  itemprop=\"text\" ><ul>\n<li>Mario Martone, mise en sc\u00e8ne et sc\u00e9nographie<\/li>\n<li>Ursula Patzak, costumes<\/li>\n<li>Pasquale Mari, lumi\u00e8res<\/li>\n<\/ul>\n<\/div><\/div><\/section>\n<section class='av_tab_section av_tab_section av-av_tab-7a69c0ddf5adfc82bd867117d21fce04'  itemscope=\"itemscope\" itemtype=\"https:\/\/schema.org\/CreativeWork\" ><div class='tab' role='tab' tabindex='0' data-fake-id='#tab-id-2' aria-controls='tab-id-2-content'  itemprop=\"headline\" >Solistes, choeur, figuration<\/div><div id='tab-id-2-content' class='tab_content' aria-hidden=\"true\"><div class='tab_inner_content invers-color'  itemprop=\"text\" ><p><strong>6 solistes<\/strong><br \/>\nMacbeth<br \/>\nLady Macbeth<br \/>\nBanquo<br \/>\nMacduff<br \/>\nLa dame d&rsquo;honneur de Lady Macbeth<br \/>\nMalcolm<\/p>\n<p><strong>Ch\u0153ur<\/strong><br \/>\nCh\u0153ur : 20 hommes, 20 femmes<\/p>\n<p><strong>Figuration<\/strong><br \/>\n6 femmes nues<br \/>\n1 jeune homme (Fl\u00e9ance)<br \/>\n1 cavalier (+ r\u00f4le du roi d\u2019\u00c9cosse)<br \/>\n1 cavalier<br \/>\n2 hommes<br \/>\n2-3 enfants<br \/>\n<strong><br \/>\nAnimaux sur sc\u00e8ne<\/strong><br \/>\n2 \u00e9talons (un noir, un blanc)<\/p>\n<\/div><\/div><\/section>\n<section class='av_tab_section av_tab_section av-av_tab-b77efe792d5d13eddee0e55c75fcf3b8'  itemscope=\"itemscope\" itemtype=\"https:\/\/schema.org\/CreativeWork\" ><div class='tab' role='tab' tabindex='0' data-fake-id='#tab-id-3' aria-controls='tab-id-3-content'  itemprop=\"headline\" >Dur\u00e9e<\/div><div id='tab-id-3-content' class='tab_content' aria-hidden=\"true\"><div class='tab_inner_content invers-color'  itemprop=\"text\" ><p>Premi\u00e8re partie (acte I et II) : 1h15<br \/>\nEntracte : 20min<br \/>\nDeuxi\u00e8me partie (acte III et IV) : 1h04<\/p>\n<\/div><\/div><\/section>\n<section class='av_tab_section av_tab_section av-av_tab-d4a2a1b0668768da333df140b412248b'  itemscope=\"itemscope\" itemtype=\"https:\/\/schema.org\/CreativeWork\" ><div class='tab' role='tab' tabindex='0' data-fake-id='#tab-id-4' aria-controls='tab-id-4-content'  itemprop=\"headline\" >Fiche technique<\/div><div id='tab-id-4-content' class='tab_content' aria-hidden=\"true\"><div class='tab_inner_content invers-color'  itemprop=\"text\" ><p><strong>Video<\/strong><br \/>\nApparitions<\/p>\n<p>Personnel technique \u00e0 confirmer<\/p>\n<\/div><\/div><\/section>\n<section class='av_tab_section av_tab_section av-av_tab-eea6524b5a7c532025185949423a2b34'  itemscope=\"itemscope\" itemtype=\"https:\/\/schema.org\/CreativeWork\" ><div class='tab' role='tab' tabindex='0' data-fake-id='#tab-id-5' aria-controls='tab-id-5-content'  itemprop=\"headline\" >D\u00e9cor<\/div><div id='tab-id-5-content' class='tab_content' aria-hidden=\"true\"><div class='tab_inner_content invers-color'  itemprop=\"text\" ><p>Bo\u00eete noire<\/p>\n<p>Largeur:<\/p>\n<p>Profondeur:<\/p>\n<p>D\u00e9gagement:<\/p>\n<\/div><\/div><\/section>\n<\/div><\/p><\/div><\/div><\/div><\/div><!-- close content main div --><\/div><\/div><div id='documentation'  class='avia-section av-av_section-1e819a250c370a2a32b9446e8c63a598 main_color avia-section-small avia-no-shadow  avia-builder-el-11  el_after_av_two_third  avia-builder-el-last  avia-bg-style-scroll container_wrap fullsize'  ><div class='container av-section-cont-open' ><div class='template-page content  av-content-full alpha units'><div class='post-entry post-entry-type-page post-entry-2770'><div class='entry-content-wrapper clearfix'>\n<section  class='av_textblock_section av-av_textblock-1ab8e6ddfd7bbd0f5d1f5b237de8cac4'  itemscope=\"itemscope\" itemtype=\"https:\/\/schema.org\/CreativeWork\" ><div class='avia_textblock'  itemprop=\"text\" ><p><strong><br \/>\nContact:<\/strong><br \/>\nBertrand Schaaff, Directeur de production<br \/>\n<a href=\"mailto:bschaaff@theatrechampselysees.fr\">bschaaff@theatrechampselysees.fr<\/a><\/p>\n<\/div><\/section>\n<\/p>\n","protected":false},"excerpt":{"rendered":"","protected":false},"author":1,"featured_media":0,"parent":0,"menu_order":0,"comment_status":"open","ping_status":"open","template":"","meta":{"footnotes":"","_wp_rev_ctl_limit":""},"_links":{"self":[{"href":"https:\/\/production.theatrechampselysees.fr\/index.php?rest_route=\/wp\/v2\/pages\/2770"}],"collection":[{"href":"https:\/\/production.theatrechampselysees.fr\/index.php?rest_route=\/wp\/v2\/pages"}],"about":[{"href":"https:\/\/production.theatrechampselysees.fr\/index.php?rest_route=\/wp\/v2\/types\/page"}],"author":[{"embeddable":true,"href":"https:\/\/production.theatrechampselysees.fr\/index.php?rest_route=\/wp\/v2\/users\/1"}],"replies":[{"embeddable":true,"href":"https:\/\/production.theatrechampselysees.fr\/index.php?rest_route=%2Fwp%2Fv2%2Fcomments&post=2770"}],"version-history":[{"count":77,"href":"https:\/\/production.theatrechampselysees.fr\/index.php?rest_route=\/wp\/v2\/pages\/2770\/revisions"}],"predecessor-version":[{"id":3648,"href":"https:\/\/production.theatrechampselysees.fr\/index.php?rest_route=\/wp\/v2\/pages\/2770\/revisions\/3648"}],"wp:attachment":[{"href":"https:\/\/production.theatrechampselysees.fr\/index.php?rest_route=%2Fwp%2Fv2%2Fmedia&parent=2770"}],"curies":[{"name":"wp","href":"https:\/\/api.w.org\/{rel}","templated":true}]}}