{"id":2373,"date":"2014-01-26T23:26:23","date_gmt":"2014-01-26T22:26:23","guid":{"rendered":"http:\/\/production.theatrechampselysees.fr\/?page_id=2373"},"modified":"2023-06-29T10:34:56","modified_gmt":"2023-06-29T09:34:56","slug":"par-metteur-en-scene","status":"publish","type":"page","link":"https:\/\/production.theatrechampselysees.fr\/?page_id=2373","title":{"rendered":"Par metteur en sc\u00e8ne"},"content":{"rendered":"\n<style type=\"text\/css\" data-created_by=\"avia_inline_auto\" id=\"style-css-av-9lq93p-89498f1c824838b711d1799afbdf4d31\">\n#top .hr.hr-invisible.av-9lq93p-89498f1c824838b711d1799afbdf4d31{\nheight:20px;\n}\n<\/style>\n<div  class='hr av-9lq93p-89498f1c824838b711d1799afbdf4d31 hr-invisible  avia-builder-el-0  el_before_av_heading  avia-builder-el-first '><span class='hr-inner '><span class=\"hr-inner-style\"><\/span><\/span><\/div>\n\n<style type=\"text\/css\" data-created_by=\"avia_inline_auto\" id=\"style-css-av-23io79-95bef281eca5ee3b28cbd36e8be419e9\">\n#top .av-special-heading.av-23io79-95bef281eca5ee3b28cbd36e8be419e9{\npadding-bottom:10px;\n}\nbody .av-special-heading.av-23io79-95bef281eca5ee3b28cbd36e8be419e9 .av-special-heading-tag .heading-char{\nfont-size:25px;\n}\n.av-special-heading.av-23io79-95bef281eca5ee3b28cbd36e8be419e9 .av-subheading{\nfont-size:10px;\n}\n<\/style>\n<div  class='av-special-heading av-23io79-95bef281eca5ee3b28cbd36e8be419e9 av-special-heading-h3 blockquote modern-quote  avia-builder-el-1  el_after_av_hr  el_before_av_textblock '><h3 class='av-special-heading-tag'  itemprop=\"headline\"  >Productions du Th\u00e9\u00e2tre des Champs-Elys\u00e9es<\/h3><div class=\"special-heading-border\"><div class=\"special-heading-inner-border\"><\/div><\/div><\/div>\n<section  class='av_textblock_section av-6efvit-cb40694954f657064715f0eea1053d31'  itemscope=\"itemscope\" itemtype=\"https:\/\/schema.org\/CreativeWork\" ><div class='avia_textblock'  itemprop=\"text\" ><p>Trier par: \u00a0 &#8211; \u00a0 <a title=\"saison\" href=\"http:\/\/production.theatrechampselysees.fr\/\"> saison<\/a> \u00a0\u00a0 &#8211; \u00a0 <a title=\"compositeur\" href=\"http:\/\/production.theatrechampselysees.fr\/?page_id=2371\">compositeur<\/a>\u00a0\u00a0 &#8211; \u00a0 metteur en sc\u00e8ne<\/p>\n<\/div><\/section>\n<\/div><\/div><\/div><!-- close content main div --><\/div><\/div><div id='av_section_1'  class='avia-section av-3hpihx-ede0cec19fbf56273ecb569e13d3eb9f main_color avia-section-default avia-no-shadow  avia-builder-el-3  el_after_av_textblock  avia-builder-el-last  avia-bg-style-scroll container_wrap fullsize'  ><div class='container av-section-cont-open' ><div class='template-page content  av-content-full alpha units'><div class='post-entry post-entry-type-page post-entry-2373'><div class='entry-content-wrapper clearfix'>\n<div  id=\"av-sc-portfolio-1\"  class=\"av-portfolio-grid-sorting-container\"><div class='sort_width_container  av-sort-yes' data-portfolio-id='1' ><div id='js_sort_items' ><div class='sort_by_cat '><a href=\"#\" data-filter=\"all_sort\" class=\"all_sort_button active_sort\"><span class=\"inner_sort_button\"><span>Tout<\/span><small class=\"av-cat-count\"> 15 <\/small><\/span><\/a><span class=\"text-sep damiano-michieletto_sort_sep\">\/<\/span><a href=\"#\" data-filter=\"damiano-michieletto_sort\" class=\"damiano-michieletto_sort_button\" ><span class=\"inner_sort_button\"><span>Damiano Michieletto<\/span><small class=\"av-cat-count\"> 1 <\/small><\/span><\/a><span class=\"text-sep deborah-warner_sort_sep\">\/<\/span><a href=\"#\" data-filter=\"deborah-warner_sort\" class=\"deborah-warner_sort_button\" ><span class=\"inner_sort_button\"><span>Deborah Warner<\/span><small class=\"av-cat-count\"> 1 <\/small><\/span><\/a><span class=\"text-sep eric-ruf_sort_sep\">\/<\/span><a href=\"#\" data-filter=\"eric-ruf_sort\" class=\"eric-ruf_sort_button\" ><span class=\"inner_sort_button\"><span>Eric Ruf<\/span><small class=\"av-cat-count\"> 2 <\/small><\/span><\/a><span class=\"text-sep jamesgray_sort_sep\">\/<\/span><a href=\"#\" data-filter=\"jamesgray_sort\" class=\"jamesgray_sort_button\" ><span class=\"inner_sort_button\"><span>James Gray<\/span><small class=\"av-cat-count\"> 1 <\/small><\/span><\/a><span class=\"text-sep laurent-pelly_sort_sep\">\/<\/span><a href=\"#\" data-filter=\"laurent-pelly_sort\" class=\"laurent-pelly_sort_button\" ><span class=\"inner_sort_button\"><span>Laurent Pelly<\/span><small class=\"av-cat-count\"> 3 <\/small><\/span><\/a><span class=\"text-sep manuel-renga_sort_sep\">\/<\/span><a href=\"#\" data-filter=\"manuel-renga_sort\" class=\"manuel-renga_sort_button\" ><span class=\"inner_sort_button\"><span>Manuel Renga<\/span><small class=\"av-cat-count\"> 1 <\/small><\/span><\/a><span class=\"text-sep py_sort_sep\">\/<\/span><a href=\"#\" data-filter=\"py_sort\" class=\"py_sort_button\" ><span class=\"inner_sort_button\"><span>Olivier Py<\/span><small class=\"av-cat-count\"> 3 <\/small><\/span><\/a><span class=\"text-sep robert-carsen_sort_sep\">\/<\/span><a href=\"#\" data-filter=\"robert-carsen_sort\" class=\"robert-carsen_sort_button\" ><span class=\"inner_sort_button\"><span>Robert Carsen<\/span><small class=\"av-cat-count\"> 1 <\/small><\/span><\/a><span class=\"text-sep rolando-villazon_sort_sep\">\/<\/span><a href=\"#\" data-filter=\"rolando-villazon_sort\" class=\"rolando-villazon_sort_button\" ><span class=\"inner_sort_button\"><span>Rolando Villaz\u00f3n<\/span><small class=\"av-cat-count\"> 1 <\/small><\/span><\/a><span class=\"text-sep braunschweig_sort_sep\">\/<\/span><a href=\"#\" data-filter=\"braunschweig_sort\" class=\"braunschweig_sort_button\" ><span class=\"inner_sort_button\"><span>St\u00e9phane Braunschweig<\/span><small class=\"av-cat-count\"> 1 <\/small><\/span><\/a><\/div><\/div><\/div><div  class=' grid-sort-container isotope   no_margin-container with-excerpt-container grid-total-odd grid-col-3 grid-links-' data-portfolio-id='1'><div data-ajax-id='4324' class=' grid-entry flex_column isotope-item all_sort no_margin post-entry post-entry-4324 grid-entry-overview grid-loop-1 grid-parity-odd  2022-23_sort eric-ruf_sort puccini_sort  av_one_third first default_av_fullwidth '><article class='main_color inner-entry'  itemscope=\"itemscope\" itemtype=\"https:\/\/schema.org\/CreativeWork\" ><a href=\"https:\/\/production.theatrechampselysees.fr\/?portfolio=la-boheme-puccini\" title='La Boh\u00e8me, Puccini'  data-rel='grid-1' class='grid-image avia-hover-fx'> <img width=\"495\" height=\"400\" src=\"https:\/\/production.theatrechampselysees.fr\/wp-content\/uploads\/2023\/06\/20230611-82VP-495x400.jpg\" class=\"wp-image-4372 avia-img-lazy-loading-not-4372 attachment-portfolio size-portfolio wp-post-image\" alt=\"\" decoding=\"async\" \/><\/a><div class='grid-content'><div class='avia-arrow'><\/div><header class=\"entry-content-header\"><h3 class='grid-entry-title entry-title '  itemprop=\"headline\" ><a href='https:\/\/production.theatrechampselysees.fr\/?portfolio=la-boheme-puccini' title='La Boh\u00e8me, Puccini'>La Boh\u00e8me, Puccini<\/a><\/h3><\/header><\/div><footer class=\"entry-footer\"><\/footer><\/article><\/div><div data-ajax-id='4269' class=' grid-entry flex_column isotope-item all_sort no_margin post-entry post-entry-4269 grid-entry-overview grid-loop-2 grid-parity-even  2022-23_sort py_sort poulenc_sort  av_one_third  default_av_fullwidth '><article class='main_color inner-entry'  itemscope=\"itemscope\" itemtype=\"https:\/\/schema.org\/CreativeWork\" ><a href=\"https:\/\/production.theatrechampselysees.fr\/?portfolio=le-rossignol-les-mamelles-de-tiresias\" title='Le Rossignol \/ Les Mamelles de Tir\u00e9sias'  data-rel='grid-1' class='grid-image avia-hover-fx'> <img width=\"495\" height=\"400\" src=\"https:\/\/production.theatrechampselysees.fr\/wp-content\/uploads\/2023\/05\/20230308-74VP-495x400.jpg\" class=\"wp-image-4310 avia-img-lazy-loading-not-4310 attachment-portfolio size-portfolio wp-post-image\" alt=\"\" decoding=\"async\" \/><\/a><div class='grid-content'><div class='avia-arrow'><\/div><header class=\"entry-content-header\"><h3 class='grid-entry-title entry-title '  itemprop=\"headline\" ><a href='https:\/\/production.theatrechampselysees.fr\/?portfolio=le-rossignol-les-mamelles-de-tiresias' title='Le Rossignol \/ Les Mamelles de Tir\u00e9sias'>Le Rossignol \/ Les Mamelles de Tir\u00e9sias<\/a><\/h3><\/header><\/div><footer class=\"entry-footer\"><\/footer><\/article><\/div><div data-ajax-id='4190' class=' grid-entry flex_column isotope-item all_sort no_margin post-entry post-entry-4190 grid-entry-overview grid-loop-3 grid-parity-odd  2022-23_sort laurent-pelly_sort offenbach_sort  av_one_third  default_av_fullwidth '><article class='main_color inner-entry'  itemscope=\"itemscope\" itemtype=\"https:\/\/schema.org\/CreativeWork\" ><a href=\"https:\/\/production.theatrechampselysees.fr\/?portfolio=la-perichole-offenbach\" title='La P\u00e9richole, Offenbach'  data-rel='grid-1' class='grid-image avia-hover-fx'> <img width=\"495\" height=\"400\" src=\"https:\/\/production.theatrechampselysees.fr\/wp-content\/uploads\/2023\/01\/feature-image-perichole-495x400.jpg\" class=\"wp-image-4223 avia-img-lazy-loading-not-4223 attachment-portfolio size-portfolio wp-post-image\" alt=\"\" decoding=\"async\" \/><\/a><div class='grid-content'><div class='avia-arrow'><\/div><header class=\"entry-content-header\"><h3 class='grid-entry-title entry-title '  itemprop=\"headline\" ><a href='https:\/\/production.theatrechampselysees.fr\/?portfolio=la-perichole-offenbach' title='La P\u00e9richole, Offenbach'>La P\u00e9richole, Offenbach<\/a><\/h3><\/header><\/div><footer class=\"entry-footer\"><\/footer><\/article><\/div><div data-ajax-id='4049' class=' grid-entry flex_column isotope-item all_sort no_margin post-entry post-entry-4049 grid-entry-overview grid-loop-4 grid-parity-even  2021-22_sort baroque_sort compositeur_sort damiano-michieletto_sort haendel_sort  av_one_third first default_av_fullwidth '><article class='main_color inner-entry'  itemscope=\"itemscope\" itemtype=\"https:\/\/schema.org\/CreativeWork\" ><a href=\"https:\/\/production.theatrechampselysees.fr\/?portfolio=jules-cesar-haendel\" title='Jules C\u00e9sar, Haendel'  data-rel='grid-1' class='grid-image avia-hover-fx'> <img width=\"495\" height=\"400\" src=\"https:\/\/production.theatrechampselysees.fr\/wp-content\/uploads\/2022\/09\/20220503-42VP-495x400.jpg\" class=\"wp-image-4113 avia-img-lazy-loading-not-4113 attachment-portfolio size-portfolio wp-post-image\" alt=\"\" decoding=\"async\" \/><\/a><div class='grid-content'><div class='avia-arrow'><\/div><header class=\"entry-content-header\"><h3 class='grid-entry-title entry-title '  itemprop=\"headline\" ><a href='https:\/\/production.theatrechampselysees.fr\/?portfolio=jules-cesar-haendel' title='Jules C\u00e9sar, Haendel'>Jules C\u00e9sar, Haendel<\/a><\/h3><\/header><\/div><footer class=\"entry-footer\"><\/footer><\/article><\/div><div data-ajax-id='4019' class=' grid-entry flex_column isotope-item all_sort no_margin post-entry post-entry-4019 grid-entry-overview grid-loop-5 grid-parity-odd  2021-22_sort laurent-pelly_sort comp_mozart_sort  av_one_third  default_av_fullwidth '><article class='main_color inner-entry'  itemscope=\"itemscope\" itemtype=\"https:\/\/schema.org\/CreativeWork\" ><a href=\"https:\/\/production.theatrechampselysees.fr\/?portfolio=cosi-fan-tutte-mozart\" title='Cos\u00ec fan tutte, Mozart'  data-rel='grid-1' class='grid-image avia-hover-fx'> <img width=\"495\" height=\"400\" src=\"https:\/\/production.theatrechampselysees.fr\/wp-content\/uploads\/2022\/05\/20220228-21VP-pre\u0301fe\u0301re\u0301e-de-L.Pelly_-scaled-e1653381810481-495x400.jpg\" class=\"wp-image-4048 avia-img-lazy-loading-not-4048 attachment-portfolio size-portfolio wp-post-image\" alt=\"\" decoding=\"async\" \/><\/a><div class='grid-content'><div class='avia-arrow'><\/div><header class=\"entry-content-header\"><h3 class='grid-entry-title entry-title '  itemprop=\"headline\" ><a href='https:\/\/production.theatrechampselysees.fr\/?portfolio=cosi-fan-tutte-mozart' title='Cos\u00ec fan tutte, Mozart'>Cos\u00ec fan tutte, Mozart<\/a><\/h3><\/header><\/div><footer class=\"entry-footer\"><\/footer><\/article><\/div><div data-ajax-id='4004' class=' grid-entry flex_column isotope-item all_sort no_margin post-entry post-entry-4004 grid-entry-overview grid-loop-6 grid-parity-even  2021-22_sort braunschweig_sort tchaikovski_sort  av_one_third  default_av_fullwidth '><article class='main_color inner-entry'  itemscope=\"itemscope\" itemtype=\"https:\/\/schema.org\/CreativeWork\" ><a href=\"https:\/\/production.theatrechampselysees.fr\/?portfolio=eugene-oneguine\" title='Eug\u00e8ne On\u00e9guine'  data-rel='grid-1' class='grid-image avia-hover-fx'> <img width=\"495\" height=\"400\" src=\"https:\/\/production.theatrechampselysees.fr\/wp-content\/uploads\/2021\/12\/20211108-02VP-495x400.jpg\" class=\"wp-image-4005 avia-img-lazy-loading-not-4005 attachment-portfolio size-portfolio wp-post-image\" alt=\"\" decoding=\"async\" \/><\/a><div class='grid-content'><div class='avia-arrow'><\/div><header class=\"entry-content-header\"><h3 class='grid-entry-title entry-title '  itemprop=\"headline\" ><a href='https:\/\/production.theatrechampselysees.fr\/?portfolio=eugene-oneguine' title='Eug\u00e8ne On\u00e9guine'>Eug\u00e8ne On\u00e9guine<\/a><\/h3><\/header><\/div><footer class=\"entry-footer\"><\/footer><\/article><\/div><div data-ajax-id='3958' class=' grid-entry flex_column isotope-item all_sort no_margin post-entry post-entry-3958 grid-entry-overview grid-loop-7 grid-parity-odd  2020-21_sort belcanto_sort donizetti_sort manuel-renga_sort  av_one_third first default_av_fullwidth '><article class='main_color inner-entry'  itemscope=\"itemscope\" itemtype=\"https:\/\/schema.org\/CreativeWork\" ><a href=\"https:\/\/production.theatrechampselysees.fr\/?portfolio=un-elixir-damour-opera-jeune-public\" title='Un Elixir d&rsquo;amour, op\u00e9ra jeune public'  data-rel='grid-1' class='grid-image avia-hover-fx'> <img width=\"495\" height=\"400\" src=\"https:\/\/production.theatrechampselysees.fr\/wp-content\/uploads\/2021\/06\/20210130-51VP-495x400.jpg\" class=\"wp-image-3959 avia-img-lazy-loading-not-3959 attachment-portfolio size-portfolio wp-post-image\" alt=\"\" decoding=\"async\" \/><\/a><div class='grid-content'><div class='avia-arrow'><\/div><header class=\"entry-content-header\"><h3 class='grid-entry-title entry-title '  itemprop=\"headline\" ><a href='https:\/\/production.theatrechampselysees.fr\/?portfolio=un-elixir-damour-opera-jeune-public' title='Un Elixir d&rsquo;amour, op\u00e9ra jeune public'>Un Elixir d&rsquo;amour, op\u00e9ra jeune public<\/a><\/h3><\/header><\/div><footer class=\"entry-footer\"><\/footer><\/article><\/div><div data-ajax-id='3924' class=' grid-entry flex_column isotope-item all_sort no_margin post-entry post-entry-3924 grid-entry-overview grid-loop-8 grid-parity-even  2020-21_sort belcanto_sort bellini_sort rolando-villazon_sort  av_one_third  default_av_fullwidth '><article class='main_color inner-entry'  itemscope=\"itemscope\" itemtype=\"https:\/\/schema.org\/CreativeWork\" ><a href=\"https:\/\/production.theatrechampselysees.fr\/?portfolio=la-somnambule-bellini\" title='La Somnambule, Bellini'  data-rel='grid-1' class='grid-image avia-hover-fx'> <img width=\"495\" height=\"400\" src=\"https:\/\/production.theatrechampselysees.fr\/wp-content\/uploads\/2021\/06\/20210611-65VP-495x400.jpg\" class=\"wp-image-3957 avia-img-lazy-loading-not-3957 attachment-portfolio size-portfolio wp-post-image\" alt=\"\" decoding=\"async\" \/><\/a><div class='grid-content'><div class='avia-arrow'><\/div><header class=\"entry-content-header\"><h3 class='grid-entry-title entry-title '  itemprop=\"headline\" ><a href='https:\/\/production.theatrechampselysees.fr\/?portfolio=la-somnambule-bellini' title='La Somnambule, Bellini'>La Somnambule, Bellini<\/a><\/h3><\/header><\/div><footer class=\"entry-footer\"><\/footer><\/article><\/div><div data-ajax-id='3908' class=' grid-entry flex_column isotope-item all_sort no_margin post-entry post-entry-3908 grid-entry-overview grid-loop-9 grid-parity-odd  2020-21_sort compositeur_sort py_sort poulenc_sort xxe-siecle_sort xxie-siecle_sort  av_one_third  default_av_fullwidth '><article class='main_color inner-entry'  itemscope=\"itemscope\" itemtype=\"https:\/\/schema.org\/CreativeWork\" ><a href=\"https:\/\/production.theatrechampselysees.fr\/?portfolio=la-voix-humaine-poulenc-point-dorgue-escaich\" title='La Voix humaine, Poulenc \/ Point d&rsquo;orgue, Escaich'  data-rel='grid-1' class='grid-image avia-hover-fx'> <img width=\"495\" height=\"400\" src=\"https:\/\/production.theatrechampselysees.fr\/wp-content\/uploads\/2021\/06\/20210223-04VP-495x400.jpg\" class=\"wp-image-3942 avia-img-lazy-loading-not-3942 attachment-portfolio size-portfolio wp-post-image\" alt=\"\" decoding=\"async\" \/><\/a><div class='grid-content'><div class='avia-arrow'><\/div><header class=\"entry-content-header\"><h3 class='grid-entry-title entry-title '  itemprop=\"headline\" ><a href='https:\/\/production.theatrechampselysees.fr\/?portfolio=la-voix-humaine-poulenc-point-dorgue-escaich' title='La Voix humaine, Poulenc \/ Point d&rsquo;orgue, Escaich'>La Voix humaine, Poulenc \/ Point d&rsquo;orgue, Escaich<\/a><\/h3><\/header><\/div><footer class=\"entry-footer\"><\/footer><\/article><\/div><div data-ajax-id='3832' class=' grid-entry flex_column isotope-item all_sort no_margin post-entry post-entry-3832 grid-entry-overview grid-loop-10 grid-parity-even  2017-18_sort compositeur_sort gluck_sort ms_sort robert-carsen_sort saison_sort  av_one_third first default_av_fullwidth '><article class='main_color inner-entry'  itemscope=\"itemscope\" itemtype=\"https:\/\/schema.org\/CreativeWork\" ><a href=\"https:\/\/production.theatrechampselysees.fr\/?portfolio=orfeo-ed-euridice-gluck\" title='Orfeo ed Euridice, Gluck'  data-rel='grid-1' class='grid-image avia-hover-fx'> <img width=\"495\" height=\"400\" src=\"https:\/\/production.theatrechampselysees.fr\/wp-content\/uploads\/2020\/02\/26-20180518-70VP-495x400.jpg\" class=\"wp-image-3847 avia-img-lazy-loading-not-3847 attachment-portfolio size-portfolio wp-post-image\" alt=\"\" decoding=\"async\" \/><\/a><div class='grid-content'><div class='avia-arrow'><\/div><header class=\"entry-content-header\"><h3 class='grid-entry-title entry-title '  itemprop=\"headline\" ><a href='https:\/\/production.theatrechampselysees.fr\/?portfolio=orfeo-ed-euridice-gluck' title='Orfeo ed Euridice, Gluck'>Orfeo ed Euridice, Gluck<\/a><\/h3><\/header><\/div><footer class=\"entry-footer\"><\/footer><\/article><\/div><div data-ajax-id='3816' class=' grid-entry flex_column isotope-item all_sort no_margin post-entry post-entry-3816 grid-entry-overview grid-loop-11 grid-parity-odd  2019-20_sort classique_sort compositeur_sort jamesgray_sort ms_sort comp_mozart_sort saison_sort  av_one_third  default_av_fullwidth '><article class='main_color inner-entry'  itemscope=\"itemscope\" itemtype=\"https:\/\/schema.org\/CreativeWork\" ><a href=\"https:\/\/production.theatrechampselysees.fr\/?portfolio=les-noces-de-figaro-mozart\" title='Les Noces de Figaro, Mozart'  data-rel='grid-1' class='grid-image avia-hover-fx'> <img width=\"495\" height=\"400\" src=\"https:\/\/production.theatrechampselysees.fr\/wp-content\/uploads\/2020\/01\/Miniature-mise-en-avant-495x400.jpg\" class=\"wp-image-3821 avia-img-lazy-loading-not-3821 attachment-portfolio size-portfolio wp-post-image\" alt=\"\" decoding=\"async\" \/><small class='avia-copyright'>Vincent Pontet<\/small><\/a><div class='grid-content'><div class='avia-arrow'><\/div><header class=\"entry-content-header\"><h3 class='grid-entry-title entry-title '  itemprop=\"headline\" ><a href='https:\/\/production.theatrechampselysees.fr\/?portfolio=les-noces-de-figaro-mozart' title='Les Noces de Figaro, Mozart'>Les Noces de Figaro, Mozart<\/a><\/h3><\/header><\/div><footer class=\"entry-footer\"><\/footer><\/article><\/div><div data-ajax-id='3748' class=' grid-entry flex_column isotope-item all_sort no_margin post-entry post-entry-3748 grid-entry-overview grid-loop-12 grid-parity-even  2018-19_sort classique_sort deborah-warner_sort verdi_sort  av_one_third  default_av_fullwidth '><article class='main_color inner-entry'  itemscope=\"itemscope\" itemtype=\"https:\/\/schema.org\/CreativeWork\" ><a href=\"https:\/\/production.theatrechampselysees.fr\/?portfolio=la-traviata-verdi\" title='La Traviata, Verdi'  data-rel='grid-1' class='grid-image avia-hover-fx'> <img width=\"495\" height=\"400\" src=\"https:\/\/production.theatrechampselysees.fr\/wp-content\/uploads\/2019\/04\/20181124-11VP-495x400.jpg\" class=\"wp-image-3783 avia-img-lazy-loading-not-3783 attachment-portfolio size-portfolio wp-post-image\" alt=\"\" decoding=\"async\" \/><small class='avia-copyright'>Vincent Pontet<\/small><\/a><div class='grid-content'><div class='avia-arrow'><\/div><header class=\"entry-content-header\"><h3 class='grid-entry-title entry-title '  itemprop=\"headline\" ><a href='https:\/\/production.theatrechampselysees.fr\/?portfolio=la-traviata-verdi' title='La Traviata, Verdi'>La Traviata, Verdi<\/a><\/h3><\/header><\/div><footer class=\"entry-footer\"><\/footer><\/article><\/div><div data-ajax-id='3682' class=' grid-entry flex_column isotope-item all_sort no_margin post-entry post-entry-3682 grid-entry-overview grid-loop-13 grid-parity-odd  2017-18_sort belcanto_sort laurent-pelly_sort rossini_sort  av_one_third first default_av_fullwidth '><article class='main_color inner-entry'  itemscope=\"itemscope\" itemtype=\"https:\/\/schema.org\/CreativeWork\" ><a href=\"https:\/\/production.theatrechampselysees.fr\/?portfolio=il-barbiere-di-siviglia-rossini\" title='Il Barbiere di Siviglia, Rossini'  data-rel='grid-1' class='grid-image avia-hover-fx'> <img width=\"495\" height=\"400\" src=\"https:\/\/production.theatrechampselysees.fr\/wp-content\/uploads\/2018\/06\/Vignette-site-prod-Barbier-495x400.jpg\" class=\"wp-image-3712 avia-img-lazy-loading-not-3712 attachment-portfolio size-portfolio wp-post-image\" alt=\"\" decoding=\"async\" \/><\/a><div class='grid-content'><div class='avia-arrow'><\/div><header class=\"entry-content-header\"><h3 class='grid-entry-title entry-title '  itemprop=\"headline\" ><a href='https:\/\/production.theatrechampselysees.fr\/?portfolio=il-barbiere-di-siviglia-rossini' title='Il Barbiere di Siviglia, Rossini'>Il Barbiere di Siviglia, Rossini<\/a><\/h3><\/header><\/div><footer class=\"entry-footer\"><\/footer><\/article><\/div><div data-ajax-id='3618' class=' grid-entry flex_column isotope-item all_sort no_margin post-entry post-entry-3618 grid-entry-overview grid-loop-14 grid-parity-even  2016-17_sort compositeur_sort debussy_sort eric-ruf_sort ms_sort saison_sort  av_one_third  default_av_fullwidth '><article class='main_color inner-entry'  itemscope=\"itemscope\" itemtype=\"https:\/\/schema.org\/CreativeWork\" ><a href=\"https:\/\/production.theatrechampselysees.fr\/?portfolio=pelleas-et-melisande-debussy\" title='Pell\u00e9as et M\u00e9lisande, Debussy'  data-rel='grid-1' class='grid-image avia-hover-fx'> <img width=\"495\" height=\"400\" src=\"https:\/\/production.theatrechampselysees.fr\/wp-content\/uploads\/2017\/05\/26-20170505-32VP-495x400.jpg\" class=\"wp-image-3633 avia-img-lazy-loading-not-3633 attachment-portfolio size-portfolio wp-post-image\" alt=\"\" decoding=\"async\" \/><\/a><div class='grid-content'><div class='avia-arrow'><\/div><header class=\"entry-content-header\"><h3 class='grid-entry-title entry-title '  itemprop=\"headline\" ><a href='https:\/\/production.theatrechampselysees.fr\/?portfolio=pelleas-et-melisande-debussy' title='Pell\u00e9as et M\u00e9lisande, Debussy'>Pell\u00e9as et M\u00e9lisande, Debussy<\/a><\/h3><\/header><\/div><footer class=\"entry-footer\"><\/footer><\/article><\/div><div data-ajax-id='41' class=' grid-entry flex_column isotope-item all_sort no_margin post-entry post-entry-41 grid-entry-overview grid-loop-15 grid-parity-odd  post-entry-last  2013_sort py_sort poulenc_sort xxe-siecle_sort  av_one_third  default_av_fullwidth '><article class='main_color inner-entry'  itemscope=\"itemscope\" itemtype=\"https:\/\/schema.org\/CreativeWork\" ><a href=\"https:\/\/production.theatrechampselysees.fr\/?portfolio=dialogues-carmelites-py\" title='Dialogues des Carm\u00e9lites, Poulenc'  data-rel='grid-1' class='grid-image avia-hover-fx'> <img width=\"495\" height=\"400\" src=\"https:\/\/production.theatrechampselysees.fr\/wp-content\/uploads\/2014\/01\/Dialogues-2-495x400.jpg\" class=\"wp-image-2311 avia-img-lazy-loading-not-2311 attachment-portfolio size-portfolio wp-post-image\" alt=\"\" decoding=\"async\" \/><\/a><div class='grid-content'><div class='avia-arrow'><\/div><header class=\"entry-content-header\"><h3 class='grid-entry-title entry-title '  itemprop=\"headline\" ><a href='https:\/\/production.theatrechampselysees.fr\/?portfolio=dialogues-carmelites-py' title='Dialogues des Carm\u00e9lites, Poulenc'>Dialogues des Carm\u00e9lites, Poulenc<\/a><\/h3><\/header><div class='grid-entry-excerpt entry-content'  itemprop=\"text\" >mise en sc\u00e8ne Olivier Py<\/div><\/div><footer class=\"entry-footer\"><\/footer><\/article><\/div><\/div><\/div>   <!--   class=\"av-portfolio-grid-sorting-container\"  -->\n\n","protected":false},"excerpt":{"rendered":"","protected":false},"author":1,"featured_media":0,"parent":0,"menu_order":0,"comment_status":"open","ping_status":"open","template":"","meta":{"footnotes":"","_wp_rev_ctl_limit":""},"_links":{"self":[{"href":"https:\/\/production.theatrechampselysees.fr\/index.php?rest_route=\/wp\/v2\/pages\/2373"}],"collection":[{"href":"https:\/\/production.theatrechampselysees.fr\/index.php?rest_route=\/wp\/v2\/pages"}],"about":[{"href":"https:\/\/production.theatrechampselysees.fr\/index.php?rest_route=\/wp\/v2\/types\/page"}],"author":[{"embeddable":true,"href":"https:\/\/production.theatrechampselysees.fr\/index.php?rest_route=\/wp\/v2\/users\/1"}],"replies":[{"embeddable":true,"href":"https:\/\/production.theatrechampselysees.fr\/index.php?rest_route=%2Fwp%2Fv2%2Fcomments&post=2373"}],"version-history":[{"count":5,"href":"https:\/\/production.theatrechampselysees.fr\/index.php?rest_route=\/wp\/v2\/pages\/2373\/revisions"}],"predecessor-version":[{"id":4377,"href":"https:\/\/production.theatrechampselysees.fr\/index.php?rest_route=\/wp\/v2\/pages\/2373\/revisions\/4377"}],"wp:attachment":[{"href":"https:\/\/production.theatrechampselysees.fr\/index.php?rest_route=%2Fwp%2Fv2%2Fmedia&parent=2373"}],"curies":[{"name":"wp","href":"https:\/\/api.w.org\/{rel}","templated":true}]}}